{"id":74,"date":"2022-10-28T06:13:26","date_gmt":"2022-10-28T06:13:26","guid":{"rendered":"http:\/\/fortos.pl\/?page_id=74"},"modified":"2022-12-21T10:03:11","modified_gmt":"2022-12-21T10:03:11","slug":"metody-terapii","status":"publish","type":"page","link":"http:\/\/fortos.pl\/index.php\/metody-terapii\/","title":{"rendered":"Metody terapii"},"content":{"rendered":"\t\t<div data-elementor-type=\"wp-page\" data-elementor-id=\"74\" class=\"elementor elementor-74\">\n\t\t\t\t\t\t<section class=\"elementor-section elementor-top-section elementor-element elementor-element-70da5ffe envato-kit-141-top-0 elementor-section-boxed elementor-section-height-default elementor-section-height-default\" data-id=\"70da5ffe\" data-element_type=\"section\" data-settings=\"{&quot;background_background&quot;:&quot;classic&quot;}\">\n\t\t\t\t\t\t\t<div class=\"elementor-background-overlay\"><\/div>\n\t\t\t\t\t\t\t<div class=\"elementor-container elementor-column-gap-wider\">\n\t\t\t\t\t<div class=\"elementor-column elementor-col-50 elementor-top-column elementor-element elementor-element-6c1871a0\" data-id=\"6c1871a0\" data-element_type=\"column\">\n\t\t\t<div class=\"elementor-widget-wrap elementor-element-populated\">\n\t\t\t\t\t\t<div class=\"elementor-element elementor-element-7f8269a0 elementor-invisible elementor-widget elementor-widget-heading\" data-id=\"7f8269a0\" data-element_type=\"widget\" data-settings=\"{&quot;_animation&quot;:&quot;fadeIn&quot;,&quot;_animation_delay&quot;:100}\" data-widget_type=\"heading.default\">\n\t\t\t\t<div class=\"elementor-widget-container\">\n\t\t\t\t\t<h2 class=\"elementor-heading-title elementor-size-default\">Metody terapii<\/h2>\t\t\t\t<\/div>\n\t\t\t\t<\/div>\n\t\t\t\t<div class=\"elementor-element elementor-element-63e6467e elementor-widget elementor-widget-text-editor\" data-id=\"63e6467e\" data-element_type=\"widget\" data-widget_type=\"text-editor.default\">\n\t\t\t\t<div class=\"elementor-widget-container\">\n\t\t\t\t\t\t\t\t\t<p><span lang=\"PL\">Terapia manualna \u2013 jest to godzinna terapia, stworzona dla Ciebie w zale\u017cno\u015bci od dolegliwo\u015bci. Badanie, wywiad, diagnoza, leczenie.<\/span><\/p><p><span lang=\"PL\">\u00a0Leczenie b\u00f3lu z zastosowaniem wachlarza metod terapeutycznych. Terapi\u0119 wykonuj\u0119 w duchu skupienia na Twoich potrzebach w atmosferze akceptacji oraz wsparcia.<\/span><\/p><p><span lang=\"PL\">Masa\u017c leczniczy \u2013 masa\u017c wybranych cz\u0119\u015bci cia\u0142a, kt\u00f3re wymagaj\u0105 regeneracji. Dzia\u0142a wspomagaj\u0105co w leczeniu stan\u00f3w pourazowych, pooperacyjnych oraz dolegliwo\u015bci b\u00f3lowych. Masa\u017c to sztuka rozlu\u017anienia tkanek i uchwycenia miejsc problematycznych.<\/span><\/p><p><span lang=\"PL\">Drena\u017c limfatyczny- praca z obrz\u0119kiem limfatycznym, masa\u017c manualny, kt\u00f3ry ma na celu usuni\u0119cie obrz\u0119ku powsta\u0142ego w skutek zaburze\u0144 funkcjonowania organizmu lub w stanach pourazowych, po usuni\u0119ciu w\u0119z\u0142\u00f3w ch\u0142onnych. Wykonywany drena\u017c limfatyczny odbywa si\u0119 z uwzgl\u0119dnieniem wy\u017cszych element\u00f3w uk\u0142adu limfatycznego w celu uruchomienia\/odblokowania pompy limfatycznej, nie tylko masa\u017cu samego obrz\u0119ku, kt\u00f3ry jest ma\u0142o skuteczny.<\/span><\/p><p><span lang=\"PL\">Kinesiology taping- dynamiczne plastrowanie, metoda wspomagaj\u0105ca leczenie b\u00f3lu lub stan\u00f3w pourazowych.\u00a0 Oklejanie specjalnymi elastycznymi ta\u015bmami staw\u00f3w, mi\u0119\u015bni w celu odci\u0105\u017cenia , ochrony\/stabilizacji stawu, mobilizacji blizny, usuwania obrz\u0119ku i krwiak\u00f3w.<\/span><\/p><p><span lang=\"PL\">Trening medyczny- \u0107wiczenia dobrane indywidualnie do wad postawy, Twoich potrzeb z uwzgl\u0119dnieniem mo\u017cliwo\u015bci fizycznych oraz stanu zdrowotnego. Otrzymasz\u00a0 przygotowany konspekt \u0107wicze\u0144, do kt\u00f3rego mo\u017cesz spojrze\u0107 w trakcie wykonywania \u0107wicze\u0144 samodzielnie.<\/span><\/p><p><span lang=\"PL\">Fala uderzeniowa- zabieg przy u\u017cyciu urz\u0105dzenia wytwarzaj\u0105cego fal\u0119 uderzeniow\u0105, doskonale sprawdza si\u0119 jako element wspomagaj\u0105cy terapi\u0119 przy zwapnieniach element\u00f3w wi\u0119zad\u0142owych, \u015bci\u0119gien jest to zabieg wysokiej skuteczno\u015bci przy dolegliwo\u015bciach typu: \u0142okie\u0107 tenisisty, golfisty lub ostroga pi\u0119towa, gdzie mamy do czynienia z zwapnieniami. Zabieg g\u0142\u0119boko wnika w tkanki, jest intensywny w odczuciach.<\/span><\/p><p><span lang=\"PL\">Fala uderzeniowa ma r\u00f3wnie\u017c udowodnion\u0105 skuteczno\u015b\u0107 w walce z cellulitem.<\/span><\/p><p><span lang=\"PL\">Rytua\u0142 relaksacyjny- po\u0142\u0105czenie technik terapii manualnej w obr\u0119bie g\u0142owy, szyi oraz masa\u017cu ca\u0142ego cia\u0142a. Odbywa si\u0119 w atmosferze relaksu (aromaterapia, muzykoterapia). Dzia\u0142a koj\u0105co na stres oraz napi\u0119cie dnia codziennego. Wspomaga leczenie stan\u00f3w pourazowych i do\u015bwiadczania b\u00f3lu na co dzie\u0144. <\/span><\/p><p>\u00a0<\/p><p><span lang=\"PL\">Tw\u00f3j Przebod\u017acowany uk\u0142ad nerwowy\u00a0 poszukuje ukojenia zszarganych nerw\u00f3w i wyciszenia &#8211;\u00a0 zr\u00f3b sobie lub komu\u015b prezent.<\/span><\/p>\t\t\t\t\t\t\t\t<\/div>\n\t\t\t\t<\/div>\n\t\t\t\t\t<\/div>\n\t\t<\/div>\n\t\t\t\t<div class=\"elementor-column elementor-col-50 elementor-top-column elementor-element elementor-element-3d37766\" data-id=\"3d37766\" data-element_type=\"column\">\n\t\t\t<div class=\"elementor-widget-wrap elementor-element-populated\">\n\t\t\t\t\t\t<div class=\"elementor-element elementor-element-44510cf elementor-widget elementor-widget-image\" data-id=\"44510cf\" data-element_type=\"widget\" data-widget_type=\"image.default\">\n\t\t\t\t<div class=\"elementor-widget-container\">\n\t\t\t\t\t\t\t\t\t\t\t\t\t\t\t<img fetchpriority=\"high\" decoding=\"async\" width=\"1024\" height=\"724\" src=\"http:\/\/fortos.pl\/wp-content\/uploads\/2022\/12\/12-1024x724.jpg\" class=\"attachment-large size-large wp-image-497\" alt=\"\" srcset=\"http:\/\/fortos.pl\/wp-content\/uploads\/2022\/12\/12-1024x724.jpg 1024w, http:\/\/fortos.pl\/wp-content\/uploads\/2022\/12\/12-300x212.jpg 300w, http:\/\/fortos.pl\/wp-content\/uploads\/2022\/12\/12-768x543.jpg 768w, http:\/\/fortos.pl\/wp-content\/uploads\/2022\/12\/12-1536x1086.jpg 1536w, http:\/\/fortos.pl\/wp-content\/uploads\/2022\/12\/12.jpg 1920w\" sizes=\"(max-width: 1024px) 100vw, 1024px\" \/>\t\t\t\t\t\t\t\t\t\t\t\t\t\t\t<\/div>\n\t\t\t\t<\/div>\n\t\t\t\t<div class=\"elementor-element elementor-element-b92b286 elementor-widget elementor-widget-image\" data-id=\"b92b286\" data-element_type=\"widget\" data-widget_type=\"image.default\">\n\t\t\t\t<div class=\"elementor-widget-container\">\n\t\t\t\t\t\t\t\t\t\t\t\t\t\t\t<img decoding=\"async\" width=\"1024\" height=\"683\" src=\"http:\/\/fortos.pl\/wp-content\/uploads\/2022\/12\/13-1024x683.jpg\" class=\"attachment-large size-large wp-image-498\" alt=\"\" srcset=\"http:\/\/fortos.pl\/wp-content\/uploads\/2022\/12\/13-1024x683.jpg 1024w, http:\/\/fortos.pl\/wp-content\/uploads\/2022\/12\/13-300x200.jpg 300w, http:\/\/fortos.pl\/wp-content\/uploads\/2022\/12\/13-768x512.jpg 768w, http:\/\/fortos.pl\/wp-content\/uploads\/2022\/12\/13-1536x1024.jpg 1536w, http:\/\/fortos.pl\/wp-content\/uploads\/2022\/12\/13.jpg 1920w\" sizes=\"(max-width: 1024px) 100vw, 1024px\" \/>\t\t\t\t\t\t\t\t\t\t\t\t\t\t\t<\/div>\n\t\t\t\t<\/div>\n\t\t\t\t<div class=\"elementor-element elementor-element-189acc3 elementor-widget elementor-widget-image\" data-id=\"189acc3\" data-element_type=\"widget\" data-widget_type=\"image.default\">\n\t\t\t\t<div class=\"elementor-widget-container\">\n\t\t\t\t\t\t\t\t\t\t\t\t\t\t\t<img decoding=\"async\" width=\"1024\" height=\"682\" src=\"http:\/\/fortos.pl\/wp-content\/uploads\/2022\/12\/14-1024x682.jpg\" class=\"attachment-large size-large wp-image-499\" alt=\"\" srcset=\"http:\/\/fortos.pl\/wp-content\/uploads\/2022\/12\/14-1024x682.jpg 1024w, http:\/\/fortos.pl\/wp-content\/uploads\/2022\/12\/14-300x200.jpg 300w, http:\/\/fortos.pl\/wp-content\/uploads\/2022\/12\/14-768x512.jpg 768w, http:\/\/fortos.pl\/wp-content\/uploads\/2022\/12\/14-1536x1024.jpg 1536w, http:\/\/fortos.pl\/wp-content\/uploads\/2022\/12\/14.jpg 1688w\" sizes=\"(max-width: 1024px) 100vw, 1024px\" \/>\t\t\t\t\t\t\t\t\t\t\t\t\t\t\t<\/div>\n\t\t\t\t<\/div>\n\t\t\t\t<div class=\"elementor-element elementor-element-bfad071 elementor-widget elementor-widget-image\" data-id=\"bfad071\" data-element_type=\"widget\" data-widget_type=\"image.default\">\n\t\t\t\t<div class=\"elementor-widget-container\">\n\t\t\t\t\t\t\t\t\t\t\t\t\t\t\t<img loading=\"lazy\" decoding=\"async\" width=\"1024\" height=\"724\" src=\"http:\/\/fortos.pl\/wp-content\/uploads\/2022\/12\/11-1024x724.jpg\" class=\"attachment-large size-large wp-image-496\" alt=\"\" srcset=\"http:\/\/fortos.pl\/wp-content\/uploads\/2022\/12\/11-1024x724.jpg 1024w, http:\/\/fortos.pl\/wp-content\/uploads\/2022\/12\/11-300x212.jpg 300w, http:\/\/fortos.pl\/wp-content\/uploads\/2022\/12\/11-768x543.jpg 768w, http:\/\/fortos.pl\/wp-content\/uploads\/2022\/12\/11-1536x1086.jpg 1536w, http:\/\/fortos.pl\/wp-content\/uploads\/2022\/12\/11.jpg 1920w\" sizes=\"(max-width: 1024px) 100vw, 1024px\" \/>\t\t\t\t\t\t\t\t\t\t\t\t\t\t\t<\/div>\n\t\t\t\t<\/div>\n\t\t\t\t\t<\/div>\n\t\t<\/div>\n\t\t\t\t\t<\/div>\n\t\t<\/section>\n\t\t\t\t<section class=\"elementor-section elementor-top-section elementor-element elementor-element-3cbb0f72 elementor-section-height-min-height elementor-section-boxed elementor-section-height-default elementor-section-items-middle\" data-id=\"3cbb0f72\" data-element_type=\"section\" data-settings=\"{&quot;background_background&quot;:&quot;classic&quot;}\">\n\t\t\t\t\t\t\t<div class=\"elementor-background-overlay\"><\/div>\n\t\t\t\t\t\t\t<div class=\"elementor-container elementor-column-gap-wider\">\n\t\t\t\t\t<div class=\"elementor-column elementor-col-20 elementor-top-column elementor-element elementor-element-42408472\" data-id=\"42408472\" data-element_type=\"column\">\n\t\t\t<div class=\"elementor-widget-wrap elementor-element-populated\">\n\t\t\t\t\t\t<div class=\"elementor-element elementor-element-131dfdd2 elementor-widget elementor-widget-image\" data-id=\"131dfdd2\" data-element_type=\"widget\" data-widget_type=\"image.default\">\n\t\t\t\t<div class=\"elementor-widget-container\">\n\t\t\t\t\t\t\t\t\t\t\t\t\t\t\t<img loading=\"lazy\" decoding=\"async\" width=\"1024\" height=\"447\" src=\"http:\/\/fortos.pl\/wp-content\/uploads\/2022\/10\/Untitled-1024x447.png\" class=\"attachment-large size-large wp-image-60\" alt=\"\" srcset=\"http:\/\/fortos.pl\/wp-content\/uploads\/2022\/10\/Untitled-1024x447.png 1024w, http:\/\/fortos.pl\/wp-content\/uploads\/2022\/10\/Untitled-300x131.png 300w, http:\/\/fortos.pl\/wp-content\/uploads\/2022\/10\/Untitled-768x335.png 768w, http:\/\/fortos.pl\/wp-content\/uploads\/2022\/10\/Untitled.png 1401w\" sizes=\"(max-width: 1024px) 100vw, 1024px\" \/>\t\t\t\t\t\t\t\t\t\t\t\t\t\t\t<\/div>\n\t\t\t\t<\/div>\n\t\t\t\t\t<\/div>\n\t\t<\/div>\n\t\t\t\t<div class=\"elementor-column elementor-col-20 elementor-top-column elementor-element elementor-element-240c178\" data-id=\"240c178\" data-element_type=\"column\">\n\t\t\t<div class=\"elementor-widget-wrap elementor-element-populated\">\n\t\t\t\t\t\t<div class=\"elementor-element elementor-element-79d62a9c animated-slow elementor-invisible elementor-widget elementor-widget-heading\" data-id=\"79d62a9c\" data-element_type=\"widget\" data-settings=\"{&quot;_animation&quot;:&quot;fadeIn&quot;}\" data-widget_type=\"heading.default\">\n\t\t\t\t<div class=\"elementor-widget-container\">\n\t\t\t\t\t<h3 class=\"elementor-heading-title elementor-size-default\">Kontakt<\/h3>\t\t\t\t<\/div>\n\t\t\t\t<\/div>\n\t\t\t\t<div class=\"elementor-element elementor-element-7aa3f21f elementor-invisible elementor-widget elementor-widget-text-editor\" data-id=\"7aa3f21f\" data-element_type=\"widget\" data-settings=\"{&quot;_animation&quot;:&quot;fadeIn&quot;}\" data-widget_type=\"text-editor.default\">\n\t\t\t\t<div class=\"elementor-widget-container\">\n\t\t\t\t\t\t\t\t\t<div class=\"elementor-element elementor-element-23695209 animated elementor-widget elementor-widget-text-editor fadeIn\" data-id=\"23695209\" data-settings=\"{\" data-element_type=\"text-editor.default\"><div class=\"elementor-widget-container\"><div class=\"elementor-text-editor elementor-clearfix\"><div class=\"elementor-element elementor-element-0f337c8 elementor-widget elementor-widget-text-editor\" data-id=\"0f337c8\" data-element_type=\"text-editor.default\"><div class=\"elementor-widget-container\"><div class=\"elementor-text-editor elementor-clearfix\"><p><span style=\"font-family: Roboto, sans-serif; font-size: 16px; font-style: normal; font-variant-ligatures: normal; font-variant-caps: normal; font-weight: 400;\">+48 531 555 061<\/span><\/p><\/div><\/div><\/div><\/div><\/div><\/div>\t\t\t\t\t\t\t\t<\/div>\n\t\t\t\t<\/div>\n\t\t\t\t<div class=\"elementor-element elementor-element-4fa4233e elementor-widget elementor-widget-heading\" data-id=\"4fa4233e\" data-element_type=\"widget\" data-widget_type=\"heading.default\">\n\t\t\t\t<div class=\"elementor-widget-container\">\n\t\t\t\t\t<p class=\"elementor-heading-title elementor-size-default\"><a href=\"#\">fornal.karo@gmail.com<\/a><\/p>\t\t\t\t<\/div>\n\t\t\t\t<\/div>\n\t\t\t\t\t<\/div>\n\t\t<\/div>\n\t\t\t\t<div class=\"elementor-column elementor-col-20 elementor-top-column elementor-element elementor-element-90395a1\" data-id=\"90395a1\" data-element_type=\"column\">\n\t\t\t<div class=\"elementor-widget-wrap\">\n\t\t\t\t\t\t\t<\/div>\n\t\t<\/div>\n\t\t\t\t<div class=\"elementor-column elementor-col-20 elementor-top-column elementor-element elementor-element-3e982427\" data-id=\"3e982427\" data-element_type=\"column\">\n\t\t\t<div class=\"elementor-widget-wrap\">\n\t\t\t\t\t\t\t<\/div>\n\t\t<\/div>\n\t\t\t\t<div class=\"elementor-column elementor-col-20 elementor-top-column elementor-element elementor-element-4f49552f\" data-id=\"4f49552f\" data-element_type=\"column\">\n\t\t\t<div class=\"elementor-widget-wrap elementor-element-populated\">\n\t\t\t\t\t\t<div class=\"elementor-element elementor-element-a16dc52 animated-slow elementor-invisible elementor-widget elementor-widget-heading\" data-id=\"a16dc52\" data-element_type=\"widget\" data-settings=\"{&quot;_animation&quot;:&quot;fadeIn&quot;}\" data-widget_type=\"heading.default\">\n\t\t\t\t<div class=\"elementor-widget-container\">\n\t\t\t\t\t<h3 class=\"elementor-heading-title elementor-size-default\">Media spo\u0142eczno\u015bciowe<\/h3>\t\t\t\t<\/div>\n\t\t\t\t<\/div>\n\t\t\t\t<div class=\"elementor-element elementor-element-2d7fa8c9 elementor-shape-circle e-grid-align-left elementor-grid-0 elementor-widget elementor-widget-social-icons\" data-id=\"2d7fa8c9\" data-element_type=\"widget\" data-widget_type=\"social-icons.default\">\n\t\t\t\t<div class=\"elementor-widget-container\">\n\t\t\t\t\t\t\t<div class=\"elementor-social-icons-wrapper elementor-grid\" role=\"list\">\n\t\t\t\t\t\t\t<span class=\"elementor-grid-item\" role=\"listitem\">\n\t\t\t\t\t<a class=\"elementor-icon elementor-social-icon elementor-social-icon-facebook-f elementor-repeater-item-4e86411\" href=\"https:\/\/www.facebook.com\/profile.php?id=100063633547766&#038;sk=about_contact_and_basic_info\" target=\"_blank\">\n\t\t\t\t\t\t<span class=\"elementor-screen-only\">Facebook-f<\/span>\n\t\t\t\t\t\t<i class=\"fab fa-facebook-f\"><\/i>\t\t\t\t\t<\/a>\n\t\t\t\t<\/span>\n\t\t\t\t\t\t\t<span class=\"elementor-grid-item\" role=\"listitem\">\n\t\t\t\t\t<a class=\"elementor-icon elementor-social-icon elementor-social-icon-instagram elementor-repeater-item-516a61c\" href=\"https:\/\/www.instagram.com\/reel\/ClDx4hPoNQp\/?igshid=YmMyMTA2M2Y=\" target=\"_blank\">\n\t\t\t\t\t\t<span class=\"elementor-screen-only\">Instagram<\/span>\n\t\t\t\t\t\t<i class=\"fab fa-instagram\"><\/i>\t\t\t\t\t<\/a>\n\t\t\t\t<\/span>\n\t\t\t\t\t<\/div>\n\t\t\t\t\t\t<\/div>\n\t\t\t\t<\/div>\n\t\t\t\t\t<\/div>\n\t\t<\/div>\n\t\t\t\t\t<\/div>\n\t\t<\/section>\n\t\t\t\t<\/div>\n\t\t","protected":false},"excerpt":{"rendered":"<p>Metody terapii Terapia manualna \u2013 jest to godzinna terapia, stworzona dla Ciebie w zale\u017cno\u015bci od dolegliwo\u015bci. Badanie, wywiad, diagnoza, leczenie. \u00a0Leczenie b\u00f3lu z zastosowaniem wachlarza metod terapeutycznych. Terapi\u0119 wykonuj\u0119 w duchu skupienia na Twoich potrzebach w atmosferze akceptacji oraz wsparcia. Masa\u017c leczniczy \u2013 masa\u017c wybranych cz\u0119\u015bci cia\u0142a, kt\u00f3re wymagaj\u0105 regeneracji. Dzia\u0142a wspomagaj\u0105co w leczeniu stan\u00f3w [&hellip;]<\/p>\n","protected":false},"author":1,"featured_media":0,"parent":0,"menu_order":0,"comment_status":"closed","ping_status":"closed","template":"","meta":{"ocean_post_layout":"full-screen","ocean_both_sidebars_style":"","ocean_both_sidebars_content_width":0,"ocean_both_sidebars_sidebars_width":0,"ocean_sidebar":"0","ocean_second_sidebar":"0","ocean_disable_margins":"enable","ocean_add_body_class":"","ocean_shortcode_before_top_bar":"","ocean_shortcode_after_top_bar":"","ocean_shortcode_before_header":"","ocean_shortcode_after_header":"","ocean_has_shortcode":"","ocean_shortcode_after_title":"","ocean_shortcode_before_footer_widgets":"","ocean_shortcode_after_footer_widgets":"","ocean_shortcode_before_footer_bottom":"","ocean_shortcode_after_footer_bottom":"","ocean_display_top_bar":"off","ocean_display_header":"default","ocean_header_style":"","ocean_center_header_left_menu":"0","ocean_custom_header_template":"0","ocean_custom_logo":0,"ocean_custom_retina_logo":0,"ocean_custom_logo_max_width":0,"ocean_custom_logo_tablet_max_width":0,"ocean_custom_logo_mobile_max_width":0,"ocean_custom_logo_max_height":0,"ocean_custom_logo_tablet_max_height":0,"ocean_custom_logo_mobile_max_height":0,"ocean_header_custom_menu":"0","ocean_menu_typo_font_family":"0","ocean_menu_typo_font_subset":"","ocean_menu_typo_font_size":0,"ocean_menu_typo_font_size_tablet":0,"ocean_menu_typo_font_size_mobile":0,"ocean_menu_typo_font_size_unit":"px","ocean_menu_typo_font_weight":"","ocean_menu_typo_font_weight_tablet":"","ocean_menu_typo_font_weight_mobile":"","ocean_menu_typo_transform":"","ocean_menu_typo_transform_tablet":"","ocean_menu_typo_transform_mobile":"","ocean_menu_typo_line_height":0,"ocean_menu_typo_line_height_tablet":0,"ocean_menu_typo_line_height_mobile":0,"ocean_menu_typo_line_height_unit":"","ocean_menu_typo_spacing":0,"ocean_menu_typo_spacing_tablet":0,"ocean_menu_typo_spacing_mobile":0,"ocean_menu_typo_spacing_unit":"","ocean_menu_link_color":"","ocean_menu_link_color_hover":"","ocean_menu_link_color_active":"","ocean_menu_link_background":"","ocean_menu_link_hover_background":"","ocean_menu_link_active_background":"","ocean_menu_social_links_bg":"","ocean_menu_social_hover_links_bg":"","ocean_menu_social_links_color":"","ocean_menu_social_hover_links_color":"","ocean_disable_title":"on","ocean_disable_heading":"default","ocean_post_title":"","ocean_post_subheading":"","ocean_post_title_style":"","ocean_post_title_background_color":"","ocean_post_title_background":0,"ocean_post_title_bg_image_position":"","ocean_post_title_bg_image_attachment":"","ocean_post_title_bg_image_repeat":"","ocean_post_title_bg_image_size":"","ocean_post_title_height":0,"ocean_post_title_bg_overlay":0.5,"ocean_post_title_bg_overlay_color":"","ocean_disable_breadcrumbs":"default","ocean_breadcrumbs_color":"","ocean_breadcrumbs_separator_color":"","ocean_breadcrumbs_links_color":"","ocean_breadcrumbs_links_hover_color":"","ocean_display_footer_widgets":"off","ocean_display_footer_bottom":"off","ocean_custom_footer_template":"0","footnotes":""},"class_list":["post-74","page","type-page","status-publish","hentry","entry"],"_links":{"self":[{"href":"http:\/\/fortos.pl\/index.php\/wp-json\/wp\/v2\/pages\/74","targetHints":{"allow":["GET"]}}],"collection":[{"href":"http:\/\/fortos.pl\/index.php\/wp-json\/wp\/v2\/pages"}],"about":[{"href":"http:\/\/fortos.pl\/index.php\/wp-json\/wp\/v2\/types\/page"}],"author":[{"embeddable":true,"href":"http:\/\/fortos.pl\/index.php\/wp-json\/wp\/v2\/users\/1"}],"replies":[{"embeddable":true,"href":"http:\/\/fortos.pl\/index.php\/wp-json\/wp\/v2\/comments?post=74"}],"version-history":[{"count":10,"href":"http:\/\/fortos.pl\/index.php\/wp-json\/wp\/v2\/pages\/74\/revisions"}],"predecessor-version":[{"id":503,"href":"http:\/\/fortos.pl\/index.php\/wp-json\/wp\/v2\/pages\/74\/revisions\/503"}],"wp:attachment":[{"href":"http:\/\/fortos.pl\/index.php\/wp-json\/wp\/v2\/media?parent=74"}],"curies":[{"name":"wp","href":"https:\/\/api.w.org\/{rel}","templated":true}]}}